{"id":197,"date":"2016-07-14T11:06:22","date_gmt":"2016-07-14T11:06:22","guid":{"rendered":"http:\/\/lovackakuca-valenovac.com\/wpress\/?page_id=197"},"modified":"2016-07-14T11:06:22","modified_gmt":"2016-07-14T11:06:22","slug":"gastro-ponuda","status":"publish","type":"page","link":"https:\/\/lovackakuca-valenovac.com\/wpress\/index.php\/gastro-ponuda\/","title":{"rendered":"Gastro ponuda"},"content":{"rendered":"<p>Ni\u0161ta ne prija bolje od dobre hrane i pi\u0107a! Zbog toga je na\u0161a gastronomska ponuda na vrhunskoj razini. Objedujte u savr\u0161enom ambijentu na\u0161e ku\u0107e za odmor, uz puno danjeg svjetla ili romanti\u010dnu ve\u010der.<\/p>\n<p>U ponudi imamo vrhunska jela s ro\u0161tilja, s ra\u017enja te iz kotli\u0107a spremljena po doma\u0107oj recepturi uz profesionalno osoblje.<\/p>\n<p>Probrana doma\u0107a vina feri\u010dana\u010dkog, orahova\u010dkog i kutjeva\u010dkog vinogorja te brojna druga pi\u0107a pomo\u0107i \u0107e vam da bolje u\u017eivate u svakom zalogaju. <\/p>\n<p>Nudimo raznovrsne usluge za same goste, ali i ostale korisnike koji u na\u0161em hotelu namjeravaju organizirati poslovne ru\u010dkove i domjenke, krstitke, krizme, vjen\u010danja i ostale sve\u010dane prigode.<\/p>\n<p><a href=\"http:\/\/lovackakuca-valenovac.com\/wpress\/wp-content\/uploads\/2016\/07\/gastro-rostilj.jpg\"><img loading=\"lazy\" decoding=\"async\" src=\"http:\/\/lovackakuca-valenovac.com\/wpress\/wp-content\/uploads\/2016\/07\/gastro-rostilj-300x174.jpg\" alt=\"gastro rostilj\" width=\"300\" height=\"174\" class=\"alignnone size-medium wp-image-198\" srcset=\"https:\/\/lovackakuca-valenovac.com\/wpress\/wp-content\/uploads\/2016\/07\/gastro-rostilj-300x174.jpg 300w, https:\/\/lovackakuca-valenovac.com\/wpress\/wp-content\/uploads\/2016\/07\/gastro-rostilj-150x87.jpg 150w, https:\/\/lovackakuca-valenovac.com\/wpress\/wp-content\/uploads\/2016\/07\/gastro-rostilj.jpg 636w\" sizes=\"auto, (max-width: 300px) 100vw, 300px\" \/><\/a><\/p>\n<p><a href=\"http:\/\/lovackakuca-valenovac.com\/wpress\/wp-content\/uploads\/2016\/07\/gastro-kotlic.jpg\"><img loading=\"lazy\" decoding=\"async\" src=\"http:\/\/lovackakuca-valenovac.com\/wpress\/wp-content\/uploads\/2016\/07\/gastro-kotlic-300x151.jpg\" alt=\"gastro kotlic\" width=\"300\" height=\"151\" class=\"alignnone size-medium wp-image-199\" srcset=\"https:\/\/lovackakuca-valenovac.com\/wpress\/wp-content\/uploads\/2016\/07\/gastro-kotlic-300x151.jpg 300w, https:\/\/lovackakuca-valenovac.com\/wpress\/wp-content\/uploads\/2016\/07\/gastro-kotlic-150x75.jpg 150w, https:\/\/lovackakuca-valenovac.com\/wpress\/wp-content\/uploads\/2016\/07\/gastro-kotlic.jpg 700w\" sizes=\"auto, (max-width: 300px) 100vw, 300px\" \/><\/a><\/p>\n<p><a href=\"http:\/\/lovackakuca-valenovac.com\/wpress\/wp-content\/uploads\/2016\/07\/gastro-peka.jpg\"><img loading=\"lazy\" decoding=\"async\" src=\"http:\/\/lovackakuca-valenovac.com\/wpress\/wp-content\/uploads\/2016\/07\/gastro-peka-300x160.jpg\" alt=\"gastro peka\" width=\"300\" height=\"160\" class=\"alignnone size-medium wp-image-200\" srcset=\"https:\/\/lovackakuca-valenovac.com\/wpress\/wp-content\/uploads\/2016\/07\/gastro-peka-300x160.jpg 300w, https:\/\/lovackakuca-valenovac.com\/wpress\/wp-content\/uploads\/2016\/07\/gastro-peka-150x80.jpg 150w, https:\/\/lovackakuca-valenovac.com\/wpress\/wp-content\/uploads\/2016\/07\/gastro-peka.jpg 620w\" sizes=\"auto, (max-width: 300px) 100vw, 300px\" \/><\/a><\/p>\n<p><a href=\"http:\/\/lovackakuca-valenovac.com\/wpress\/wp-content\/uploads\/2016\/07\/gastro-razanj.jpg\"><img loading=\"lazy\" decoding=\"async\" src=\"http:\/\/lovackakuca-valenovac.com\/wpress\/wp-content\/uploads\/2016\/07\/gastro-razanj-300x174.jpg\" alt=\"gastro razanj\" width=\"300\" height=\"174\" class=\"alignnone size-medium wp-image-201\" srcset=\"https:\/\/lovackakuca-valenovac.com\/wpress\/wp-content\/uploads\/2016\/07\/gastro-razanj-300x174.jpg 300w, https:\/\/lovackakuca-valenovac.com\/wpress\/wp-content\/uploads\/2016\/07\/gastro-razanj.jpg 1024w, https:\/\/lovackakuca-valenovac.com\/wpress\/wp-content\/uploads\/2016\/07\/gastro-razanj-150x87.jpg 150w\" sizes=\"auto, (max-width: 300px) 100vw, 300px\" \/><\/a><\/p>\n","protected":false},"excerpt":{"rendered":"<p>Ni\u0161ta ne prija bolje od dobre hrane i pi\u0107a! Zbog toga je na\u0161a gastronomska ponuda na vrhunskoj razini. Objedujte u savr\u0161enom ambijentu na\u0161e ku\u0107e za odmor, uz puno danjeg svjetla ili romanti\u010dnu ve\u010der. U ponudi imamo vrhunska jela s ro\u0161tilja, s ra\u017enja te iz kotli\u0107a spremljena po doma\u0107oj recepturi uz profesionalno osoblje. Probrana doma\u0107a vina&#8230;<\/p>\n","protected":false},"author":1,"featured_media":0,"parent":0,"menu_order":0,"comment_status":"closed","ping_status":"closed","template":"","meta":{"footnotes":""},"class_list":["post-197","page","type-page","status-publish","hentry","no-featured-image","page-entry","loop-entry boxed clr"],"_links":{"self":[{"href":"https:\/\/lovackakuca-valenovac.com\/wpress\/index.php\/wp-json\/wp\/v2\/pages\/197","targetHints":{"allow":["GET"]}}],"collection":[{"href":"https:\/\/lovackakuca-valenovac.com\/wpress\/index.php\/wp-json\/wp\/v2\/pages"}],"about":[{"href":"https:\/\/lovackakuca-valenovac.com\/wpress\/index.php\/wp-json\/wp\/v2\/types\/page"}],"author":[{"embeddable":true,"href":"https:\/\/lovackakuca-valenovac.com\/wpress\/index.php\/wp-json\/wp\/v2\/users\/1"}],"replies":[{"embeddable":true,"href":"https:\/\/lovackakuca-valenovac.com\/wpress\/index.php\/wp-json\/wp\/v2\/comments?post=197"}],"version-history":[{"count":1,"href":"https:\/\/lovackakuca-valenovac.com\/wpress\/index.php\/wp-json\/wp\/v2\/pages\/197\/revisions"}],"predecessor-version":[{"id":202,"href":"https:\/\/lovackakuca-valenovac.com\/wpress\/index.php\/wp-json\/wp\/v2\/pages\/197\/revisions\/202"}],"wp:attachment":[{"href":"https:\/\/lovackakuca-valenovac.com\/wpress\/index.php\/wp-json\/wp\/v2\/media?parent=197"}],"curies":[{"name":"wp","href":"https:\/\/api.w.org\/{rel}","templated":true}]}}