{"id":117,"date":"2015-05-14T09:11:22","date_gmt":"2015-05-14T09:11:22","guid":{"rendered":"http:\/\/lovackakuca-valenovac.com\/wpress\/?page_id=117"},"modified":"2015-05-14T10:31:08","modified_gmt":"2015-05-14T10:31:08","slug":"lov-2","status":"publish","type":"page","link":"https:\/\/lovackakuca-valenovac.com\/wpress\/index.php\/lov-2\/","title":{"rendered":"Lov"},"content":{"rendered":"<p>Da bi se lov mogao odviti u skladu s pozitivnim zakonskim propisima lovci su du\u017eni prilikom dolaska u lov imati slijede\u0107e potrebne dokumente.<\/p>\n<ul>\n<li>lova\u010dku iskaznicu<\/li>\n<li>pisano dopu\u0161tenje ovla\u0161tenika prava lova za lov odre\u0111enih vrsta divlja\u010di<\/li>\n<li>oru\u017eni list za vrstu oru\u017eja koju \u0107e lovac upotrebljavati u lovu<\/li>\n<li>rodovnica i potvrda o polo\u017eenom radnom ispitu, te uredan zdravstveni karton za lova\u010dkog psa u vlasni\u0161tvu<\/li>\n<\/ul>\n<p>&nbsp;<\/p>\n<div class=\"gmedia_gallery phantom_module is_bot\" id=\"GmediaGallery_16\" data-gmid=\"16\" data-module=\"phantom\"><style class='gmedia_module_style_import'>@import url('https:\/\/lovackakuca-valenovac.com\/wpress\/wp-content\/grand-media\/module\/phantom\/css\/style.css?v=2.5') all;<\/style><div class=\"gmPhantom_Container delay\">\r\n\t<div class=\"gmPhantom_Background\"><\/div>\r\n\t<div class=\"gmPhantom_thumbsWrapper\">\r\n\t\t<div class=\"gmPhantom_ThumbContainer gmPhantom_ThumbLoader\" data-ratio=\"1.3333333333333\/1.3333333333333\" style=\"width:160px;height:120px;\" data-no=\"0\"><div class=\"gmPhantom_Thumb\"><img decoding=\"async\" style=\"margin:-0% 0 0 0;\" class=\"noLazy portrait\" src=\"https:\/\/lovackakuca-valenovac.com\/wpress\/wp-content\/grand-media\/image\/thumb\/162741_1495392395166_3056148_n.jpg\" alt=\"162741 1495392395166 3056148 N\" \/><\/div><div class=\"gmPhantom_ThumbLabel\">162741 1495392395166 3056148 N<\/div><div style=\"display:none;\" class=\"gmPhantom_ThumbCaption\"><\/div><\/div><div class=\"gmPhantom_ThumbContainer gmPhantom_ThumbLoader\" data-ratio=\"1.3333333333333\/1.3333333333333\" style=\"width:160px;height:120px;\" data-no=\"1\"><div class=\"gmPhantom_Thumb\"><img decoding=\"async\" style=\"margin:-0% 0 0 0;\" class=\"noLazy portrait\" src=\"https:\/\/lovackakuca-valenovac.com\/wpress\/wp-content\/grand-media\/image\/thumb\/67402_1392136933844_1645697_n.jpg\" alt=\"67402 1392136933844 1645697 N\" \/><\/div><div class=\"gmPhantom_ThumbLabel\">67402 1392136933844 1645697 N<\/div><div style=\"display:none;\" class=\"gmPhantom_ThumbCaption\"><\/div><\/div><div class=\"gmPhantom_ThumbContainer gmPhantom_ThumbLoader\" data-ratio=\"1.3333333333333\/1.3333333333333\" style=\"width:160px;height:120px;\" data-no=\"2\"><div class=\"gmPhantom_Thumb\"><img decoding=\"async\" style=\"margin:-0% 0 0 0;\" class=\"noLazy portrait\" src=\"https:\/\/lovackakuca-valenovac.com\/wpress\/wp-content\/grand-media\/image\/thumb\/17435_1178045861701_7161000_n.jpg\" alt=\"17435 1178045861701 7161000 N\" \/><\/div><div class=\"gmPhantom_ThumbLabel\">17435 1178045861701 7161000 N<\/div><div style=\"display:none;\" class=\"gmPhantom_ThumbCaption\"><\/div><\/div><div class=\"gmPhantom_ThumbContainer gmPhantom_ThumbLoader\" data-ratio=\"1.3333333333333\/1.3333333333333\" style=\"width:160px;height:120px;\" data-no=\"3\"><div class=\"gmPhantom_Thumb\"><img decoding=\"async\" style=\"margin:-0% 0 0 0;\" class=\"noLazy portrait\" src=\"https:\/\/lovackakuca-valenovac.com\/wpress\/wp-content\/grand-media\/image\/thumb\/17435_1178035101432_3633615_n.jpg\" alt=\"17435 1178035101432 3633615 N\" \/><\/div><div class=\"gmPhantom_ThumbLabel\">17435 1178035101432 3633615 N<\/div><div style=\"display:none;\" class=\"gmPhantom_ThumbCaption\"><\/div><\/div><div class=\"gmPhantom_ThumbContainer gmPhantom_ThumbLoader\" data-ratio=\"1.3333333333333\/1.3333333333333\" style=\"width:160px;height:120px;\" data-no=\"4\"><div class=\"gmPhantom_Thumb\"><img decoding=\"async\" style=\"margin:-0% 0 0 0;\" class=\"noLazy portrait\" src=\"https:\/\/lovackakuca-valenovac.com\/wpress\/wp-content\/grand-media\/image\/thumb\/1205.jpg\" alt=\"1205\" \/><\/div><div class=\"gmPhantom_ThumbLabel\">1205<\/div><div style=\"display:none;\" class=\"gmPhantom_ThumbCaption\"><\/div><\/div><div class=\"gmPhantom_ThumbContainer gmPhantom_ThumbLoader\" data-ratio=\"1.3333333333333\/1.3333333333333\" style=\"width:160px;height:120px;\" data-no=\"5\"><div class=\"gmPhantom_Thumb\"><img decoding=\"async\" style=\"margin:-0% 0 0 0;\" class=\"noLazy portrait\" src=\"https:\/\/lovackakuca-valenovac.com\/wpress\/wp-content\/grand-media\/image\/thumb\/1120.jpg\" alt=\"1120\" \/><\/div><div class=\"gmPhantom_ThumbLabel\">1120<\/div><div style=\"display:none;\" class=\"gmPhantom_ThumbCaption\"><\/div><\/div><div class=\"gmPhantom_ThumbContainer gmPhantom_ThumbLoader\" data-ratio=\"1.3333333333333\/1.3333333333333\" style=\"width:160px;height:120px;\" data-no=\"6\"><div class=\"gmPhantom_Thumb\"><img decoding=\"async\" style=\"margin:-0% 0 0 0;\" class=\"noLazy portrait\" src=\"https:\/\/lovackakuca-valenovac.com\/wpress\/wp-content\/grand-media\/image\/thumb\/1117.jpg\" alt=\"1117\" \/><\/div><div class=\"gmPhantom_ThumbLabel\">1117<\/div><div style=\"display:none;\" class=\"gmPhantom_ThumbCaption\"><\/div><\/div><div class=\"gmPhantom_ThumbContainer gmPhantom_ThumbLoader\" data-ratio=\"1.3333333333333\/1.3333333333333\" style=\"width:160px;height:120px;\" data-no=\"7\"><div class=\"gmPhantom_Thumb\"><img decoding=\"async\" style=\"margin:-0% 0 0 0;\" class=\"noLazy portrait\" src=\"https:\/\/lovackakuca-valenovac.com\/wpress\/wp-content\/grand-media\/image\/thumb\/1068.jpg\" alt=\"1068\" \/><\/div><div class=\"gmPhantom_ThumbLabel\">1068<\/div><div style=\"display:none;\" class=\"gmPhantom_ThumbCaption\"><\/div><\/div><div class=\"gmPhantom_ThumbContainer gmPhantom_ThumbLoader\" data-ratio=\"1.3333333333333\/0.59\" style=\"width:160px;height:120px;\" data-no=\"8\"><div class=\"gmPhantom_Thumb\"><img decoding=\"async\" style=\"margin:-31% 0 0 0;\" class=\"noLazy portrait\" src=\"https:\/\/lovackakuca-valenovac.com\/wpress\/wp-content\/grand-media\/image\/thumb\/1033.jpg\" alt=\"1033\" \/><\/div><div class=\"gmPhantom_ThumbLabel\">1033<\/div><div style=\"display:none;\" class=\"gmPhantom_ThumbCaption\"><\/div><\/div><div class=\"gmPhantom_ThumbContainer gmPhantom_ThumbLoader\" data-ratio=\"1.3333333333333\/0.75\" style=\"width:160px;height:120px;\" data-no=\"9\"><div class=\"gmPhantom_Thumb\"><img decoding=\"async\" style=\"margin:-19% 0 0 0;\" class=\"noLazy portrait\" src=\"https:\/\/lovackakuca-valenovac.com\/wpress\/wp-content\/grand-media\/image\/thumb\/1001.jpg\" alt=\"1001\" \/><\/div><div class=\"gmPhantom_ThumbLabel\">1001<\/div><div style=\"display:none;\" class=\"gmPhantom_ThumbCaption\"><\/div><\/div><div class=\"gmPhantom_ThumbContainer gmPhantom_ThumbLoader\" data-ratio=\"1.3333333333333\/1.3333333333333\" style=\"width:160px;height:120px;\" data-no=\"10\"><div class=\"gmPhantom_Thumb\"><img decoding=\"async\" style=\"margin:-0% 0 0 0;\" class=\"noLazy portrait\" src=\"https:\/\/lovackakuca-valenovac.com\/wpress\/wp-content\/grand-media\/image\/thumb\/997.jpg\" alt=\"997\" \/><\/div><div class=\"gmPhantom_ThumbLabel\">997<\/div><div style=\"display:none;\" class=\"gmPhantom_ThumbCaption\"><\/div><\/div><div class=\"gmPhantom_ThumbContainer gmPhantom_ThumbLoader\" data-ratio=\"1.3333333333333\/1.3333333333333\" style=\"width:160px;height:120px;\" data-no=\"11\"><div class=\"gmPhantom_Thumb\"><img decoding=\"async\" style=\"margin:-0% 0 0 0;\" class=\"noLazy portrait\" src=\"https:\/\/lovackakuca-valenovac.com\/wpress\/wp-content\/grand-media\/image\/thumb\/887.jpg\" alt=\"887\" \/><\/div><div class=\"gmPhantom_ThumbLabel\">887<\/div><div style=\"display:none;\" class=\"gmPhantom_ThumbCaption\"><\/div><\/div><div class=\"gmPhantom_ThumbContainer gmPhantom_ThumbLoader\" data-ratio=\"1.3333333333333\/1.3333333333333\" style=\"width:160px;height:120px;\" data-no=\"12\"><div class=\"gmPhantom_Thumb\"><img decoding=\"async\" style=\"margin:-0% 0 0 0;\" class=\"noLazy portrait\" src=\"https:\/\/lovackakuca-valenovac.com\/wpress\/wp-content\/grand-media\/image\/thumb\/883.jpg\" alt=\"883\" \/><\/div><div class=\"gmPhantom_ThumbLabel\">883<\/div><div style=\"display:none;\" class=\"gmPhantom_ThumbCaption\"><\/div><\/div><div class=\"gmPhantom_ThumbContainer gmPhantom_ThumbLoader\" data-ratio=\"1.3333333333333\/1.3333333333333\" style=\"width:160px;height:120px;\" data-no=\"13\"><div class=\"gmPhantom_Thumb\"><img decoding=\"async\" style=\"margin:-0% 0 0 0;\" class=\"noLazy portrait\" src=\"https:\/\/lovackakuca-valenovac.com\/wpress\/wp-content\/grand-media\/image\/thumb\/882.jpg\" alt=\"882\" \/><\/div><div class=\"gmPhantom_ThumbLabel\">882<\/div><div style=\"display:none;\" class=\"gmPhantom_ThumbCaption\"><\/div><\/div><div class=\"gmPhantom_ThumbContainer gmPhantom_ThumbLoader\" data-ratio=\"1.3333333333333\/1.3333333333333\" style=\"width:160px;height:120px;\" data-no=\"14\"><div class=\"gmPhantom_Thumb\"><img decoding=\"async\" style=\"margin:-0% 0 0 0;\" class=\"noLazy portrait\" src=\"https:\/\/lovackakuca-valenovac.com\/wpress\/wp-content\/grand-media\/image\/thumb\/879.jpg\" alt=\"879\" \/><\/div><div class=\"gmPhantom_ThumbLabel\">879<\/div><div style=\"display:none;\" class=\"gmPhantom_ThumbCaption\"><\/div><\/div><div class=\"gmPhantom_ThumbContainer gmPhantom_ThumbLoader\" data-ratio=\"1.3333333333333\/1.3333333333333\" style=\"width:160px;height:120px;\" data-no=\"15\"><div class=\"gmPhantom_Thumb\"><img decoding=\"async\" style=\"margin:-0% 0 0 0;\" class=\"noLazy portrait\" src=\"https:\/\/lovackakuca-valenovac.com\/wpress\/wp-content\/grand-media\/image\/thumb\/677.jpg\" alt=\"677\" \/><\/div><div class=\"gmPhantom_ThumbLabel\">677<\/div><div style=\"display:none;\" class=\"gmPhantom_ThumbCaption\"><\/div><\/div><div class=\"gmPhantom_ThumbContainer gmPhantom_ThumbLoader\" data-ratio=\"1.3333333333333\/0.75\" style=\"width:160px;height:120px;\" data-no=\"16\"><div class=\"gmPhantom_Thumb\"><img decoding=\"async\" style=\"margin:-19% 0 0 0;\" class=\"noLazy portrait\" src=\"https:\/\/lovackakuca-valenovac.com\/wpress\/wp-content\/grand-media\/image\/thumb\/406.jpg\" alt=\"406\" \/><\/div><div class=\"gmPhantom_ThumbLabel\">406<\/div><div style=\"display:none;\" class=\"gmPhantom_ThumbCaption\"><\/div><\/div><div class=\"gmPhantom_ThumbContainer gmPhantom_ThumbLoader\" data-ratio=\"1.3333333333333\/1.3333333333333\" style=\"width:160px;height:120px;\" data-no=\"17\"><div class=\"gmPhantom_Thumb\"><img decoding=\"async\" style=\"margin:-0% 0 0 0;\" class=\"noLazy portrait\" src=\"https:\/\/lovackakuca-valenovac.com\/wpress\/wp-content\/grand-media\/image\/thumb\/397.jpg\" alt=\"397\" \/><\/div><div class=\"gmPhantom_ThumbLabel\">397<\/div><div style=\"display:none;\" class=\"gmPhantom_ThumbCaption\"><\/div><\/div><div class=\"gmPhantom_ThumbContainer gmPhantom_ThumbLoader\" data-ratio=\"1.3333333333333\/1.3333333333333\" style=\"width:160px;height:120px;\" data-no=\"18\"><div class=\"gmPhantom_Thumb\"><img decoding=\"async\" style=\"margin:-0% 0 0 0;\" class=\"noLazy portrait\" src=\"https:\/\/lovackakuca-valenovac.com\/wpress\/wp-content\/grand-media\/image\/thumb\/313.jpg\" alt=\"313\" \/><\/div><div class=\"gmPhantom_ThumbLabel\">313<\/div><div style=\"display:none;\" class=\"gmPhantom_ThumbCaption\"><\/div><\/div><div class=\"gmPhantom_ThumbContainer gmPhantom_ThumbLoader\" data-ratio=\"1.3333333333333\/1.3333333333333\" style=\"width:160px;height:120px;\" data-no=\"19\"><div class=\"gmPhantom_Thumb\"><img decoding=\"async\" style=\"margin:-0% 0 0 0;\" class=\"noLazy portrait\" src=\"https:\/\/lovackakuca-valenovac.com\/wpress\/wp-content\/grand-media\/image\/thumb\/246.jpg\" alt=\"246\" \/><\/div><div class=\"gmPhantom_ThumbLabel\">246<\/div><div style=\"display:none;\" class=\"gmPhantom_ThumbCaption\"><\/div><\/div><div class=\"gmPhantom_ThumbContainer gmPhantom_ThumbLoader\" data-ratio=\"1.3333333333333\/1.3333333333333\" style=\"width:160px;height:120px;\" data-no=\"20\"><div class=\"gmPhantom_Thumb\"><img decoding=\"async\" style=\"margin:-0% 0 0 0;\" class=\"noLazy portrait\" src=\"https:\/\/lovackakuca-valenovac.com\/wpress\/wp-content\/grand-media\/image\/thumb\/019.jpg\" alt=\"019\" \/><\/div><div class=\"gmPhantom_ThumbLabel\">019<\/div><div style=\"display:none;\" class=\"gmPhantom_ThumbCaption\"><\/div><\/div><div class=\"gmPhantom_ThumbContainer gmPhantom_ThumbLoader\" data-ratio=\"1.3333333333333\/1.3333333333333\" style=\"width:160px;height:120px;\" data-no=\"21\"><div class=\"gmPhantom_Thumb\"><img decoding=\"async\" style=\"margin:-0% 0 0 0;\" class=\"noLazy portrait\" src=\"https:\/\/lovackakuca-valenovac.com\/wpress\/wp-content\/grand-media\/image\/thumb\/017.jpg\" alt=\"017\" \/><\/div><div class=\"gmPhantom_ThumbLabel\">017<\/div><div style=\"display:none;\" class=\"gmPhantom_ThumbCaption\"><\/div><\/div><div class=\"gmPhantom_ThumbContainer gmPhantom_ThumbLoader\" data-ratio=\"1.3333333333333\/1.3333333333333\" style=\"width:160px;height:120px;\" data-no=\"22\"><div class=\"gmPhantom_Thumb\"><img decoding=\"async\" style=\"margin:-0% 0 0 0;\" class=\"noLazy portrait\" src=\"https:\/\/lovackakuca-valenovac.com\/wpress\/wp-content\/grand-media\/image\/thumb\/016.jpg\" alt=\"016\" \/><\/div><div class=\"gmPhantom_ThumbLabel\">016<\/div><div style=\"display:none;\" class=\"gmPhantom_ThumbCaption\"><\/div><\/div><div class=\"gmPhantom_ThumbContainer gmPhantom_ThumbLoader\" data-ratio=\"1.3333333333333\/1.3333333333333\" style=\"width:160px;height:120px;\" data-no=\"23\"><div class=\"gmPhantom_Thumb\"><img decoding=\"async\" style=\"margin:-0% 0 0 0;\" class=\"noLazy portrait\" src=\"https:\/\/lovackakuca-valenovac.com\/wpress\/wp-content\/grand-media\/image\/thumb\/014.jpg\" alt=\"014\" \/><\/div><div class=\"gmPhantom_ThumbLabel\">014<\/div><div style=\"display:none;\" class=\"gmPhantom_ThumbCaption\"><\/div><\/div><div class=\"gmPhantom_ThumbContainer gmPhantom_ThumbLoader\" data-ratio=\"1.3333333333333\/1.3333333333333\" style=\"width:160px;height:120px;\" data-no=\"24\"><div class=\"gmPhantom_Thumb\"><img decoding=\"async\" style=\"margin:-0% 0 0 0;\" class=\"noLazy portrait\" src=\"https:\/\/lovackakuca-valenovac.com\/wpress\/wp-content\/grand-media\/image\/thumb\/013.jpg\" alt=\"013\" \/><\/div><div class=\"gmPhantom_ThumbLabel\">013<\/div><div style=\"display:none;\" class=\"gmPhantom_ThumbCaption\"><\/div><\/div><div class=\"gmPhantom_ThumbContainer gmPhantom_ThumbLoader\" data-ratio=\"1.3333333333333\/1.3333333333333\" style=\"width:160px;height:120px;\" data-no=\"25\"><div class=\"gmPhantom_Thumb\"><img decoding=\"async\" style=\"margin:-0% 0 0 0;\" class=\"noLazy portrait\" src=\"https:\/\/lovackakuca-valenovac.com\/wpress\/wp-content\/grand-media\/image\/thumb\/010.jpg\" alt=\"010\" \/><\/div><div class=\"gmPhantom_ThumbLabel\">010<\/div><div style=\"display:none;\" class=\"gmPhantom_ThumbCaption\"><\/div><\/div><div class=\"gmPhantom_ThumbContainer gmPhantom_ThumbLoader\" data-ratio=\"1.3333333333333\/1.3333333333333\" style=\"width:160px;height:120px;\" data-no=\"26\"><div class=\"gmPhantom_Thumb\"><img decoding=\"async\" style=\"margin:-0% 0 0 0;\" class=\"noLazy portrait\" src=\"https:\/\/lovackakuca-valenovac.com\/wpress\/wp-content\/grand-media\/image\/thumb\/009.jpg\" alt=\"009\" \/><\/div><div class=\"gmPhantom_ThumbLabel\">009<\/div><div style=\"display:none;\" class=\"gmPhantom_ThumbCaption\"><\/div><\/div><div class=\"gmPhantom_ThumbContainer gmPhantom_ThumbLoader\" data-ratio=\"1.3333333333333\/0.75\" style=\"width:160px;height:120px;\" data-no=\"27\"><div class=\"gmPhantom_Thumb\"><img decoding=\"async\" style=\"margin:-19% 0 0 0;\" class=\"noLazy portrait\" src=\"https:\/\/lovackakuca-valenovac.com\/wpress\/wp-content\/grand-media\/image\/thumb\/008.jpg\" alt=\"008\" \/><\/div><div class=\"gmPhantom_ThumbLabel\">008<\/div><div style=\"display:none;\" class=\"gmPhantom_ThumbCaption\"><\/div><\/div><div class=\"gmPhantom_ThumbContainer gmPhantom_ThumbLoader\" data-ratio=\"1.3333333333333\/1.3333333333333\" style=\"width:160px;height:120px;\" data-no=\"28\"><div class=\"gmPhantom_Thumb\"><img decoding=\"async\" style=\"margin:-0% 0 0 0;\" class=\"noLazy portrait\" src=\"https:\/\/lovackakuca-valenovac.com\/wpress\/wp-content\/grand-media\/image\/thumb\/007.jpg\" alt=\"OLYMPUS DIGITAL CAMERA\" \/><\/div><div class=\"gmPhantom_ThumbLabel\">OLYMPUS DIGITAL CAMERA<\/div><div style=\"display:none;\" class=\"gmPhantom_ThumbCaption\"><\/div><\/div><div class=\"gmPhantom_ThumbContainer gmPhantom_ThumbLoader\" data-ratio=\"1.3333333333333\/0.75\" style=\"width:160px;height:120px;\" data-no=\"29\"><div class=\"gmPhantom_Thumb\"><img decoding=\"async\" style=\"margin:-19% 0 0 0;\" class=\"noLazy portrait\" src=\"https:\/\/lovackakuca-valenovac.com\/wpress\/wp-content\/grand-media\/image\/thumb\/006.jpg\" alt=\"OLYMPUS DIGITAL CAMERA\" \/><\/div><div class=\"gmPhantom_ThumbLabel\">OLYMPUS DIGITAL CAMERA<\/div><div style=\"display:none;\" class=\"gmPhantom_ThumbCaption\"><\/div><\/div><div class=\"gmPhantom_ThumbContainer gmPhantom_ThumbLoader\" data-ratio=\"1.3333333333333\/1.3333333333333\" style=\"width:160px;height:120px;\" data-no=\"30\"><div class=\"gmPhantom_Thumb\"><img decoding=\"async\" style=\"margin:-0% 0 0 0;\" class=\"noLazy portrait\" src=\"https:\/\/lovackakuca-valenovac.com\/wpress\/wp-content\/grand-media\/image\/thumb\/005.jpg\" alt=\"OLYMPUS DIGITAL CAMERA\" \/><\/div><div class=\"gmPhantom_ThumbLabel\">OLYMPUS DIGITAL CAMERA<\/div><div style=\"display:none;\" class=\"gmPhantom_ThumbCaption\"><\/div><\/div><br style=\"clear:both;\" \/>\r\n\t<\/div>\r\n<\/div>\r\n\r\n<\/div>\n","protected":false},"excerpt":{"rendered":"<p>Da bi se lov mogao odviti u skladu s pozitivnim zakonskim propisima lovci su du\u017eni prilikom dolaska u lov imati slijede\u0107e potrebne dokumente. lova\u010dku iskaznicu pisano dopu\u0161tenje ovla\u0161tenika prava lova za lov odre\u0111enih vrsta divlja\u010di oru\u017eni list za vrstu oru\u017eja koju \u0107e lovac upotrebljavati u lovu rodovnica i potvrda o polo\u017eenom radnom ispitu, te uredan&#8230;<\/p>\n","protected":false},"author":1,"featured_media":0,"parent":0,"menu_order":0,"comment_status":"closed","ping_status":"closed","template":"","meta":{"footnotes":""},"class_list":["post-117","page","type-page","status-publish","hentry","no-featured-image","page-entry","loop-entry boxed clr"],"_links":{"self":[{"href":"https:\/\/lovackakuca-valenovac.com\/wpress\/index.php\/wp-json\/wp\/v2\/pages\/117","targetHints":{"allow":["GET"]}}],"collection":[{"href":"https:\/\/lovackakuca-valenovac.com\/wpress\/index.php\/wp-json\/wp\/v2\/pages"}],"about":[{"href":"https:\/\/lovackakuca-valenovac.com\/wpress\/index.php\/wp-json\/wp\/v2\/types\/page"}],"author":[{"embeddable":true,"href":"https:\/\/lovackakuca-valenovac.com\/wpress\/index.php\/wp-json\/wp\/v2\/users\/1"}],"replies":[{"embeddable":true,"href":"https:\/\/lovackakuca-valenovac.com\/wpress\/index.php\/wp-json\/wp\/v2\/comments?post=117"}],"version-history":[{"count":2,"href":"https:\/\/lovackakuca-valenovac.com\/wpress\/index.php\/wp-json\/wp\/v2\/pages\/117\/revisions"}],"predecessor-version":[{"id":120,"href":"https:\/\/lovackakuca-valenovac.com\/wpress\/index.php\/wp-json\/wp\/v2\/pages\/117\/revisions\/120"}],"wp:attachment":[{"href":"https:\/\/lovackakuca-valenovac.com\/wpress\/index.php\/wp-json\/wp\/v2\/media?parent=117"}],"curies":[{"name":"wp","href":"https:\/\/api.w.org\/{rel}","templated":true}]}}